{"id":464,"date":"2023-06-17T12:09:55","date_gmt":"2023-06-17T12:09:55","guid":{"rendered":"https:\/\/www.globalhealthmag.com\/?page_id=464"},"modified":"2023-06-17T12:10:24","modified_gmt":"2023-06-17T12:10:24","slug":"acerca-de-nosotros","status":"publish","type":"page","link":"https:\/\/www.globalhealthmag.com\/es\/acerca-de-nosotros\/","title":{"rendered":"Qui\u00e9nes somos"},"content":{"rendered":"<p>Bienvenido a la p\u00e1gina Acerca de GlobalHealthMag.com<\/p>\n\n\n\n<p>En GlobalHealthMag.com nos dedicamos a proporcionarle informaci\u00f3n fiable, perspicaz y actualizada sobre todos los aspectos de la salud mundial. Nuestra misi\u00f3n es sensibilizar, promover la comprensi\u00f3n y capacitar a las personas y las comunidades para que tomen decisiones informadas sobre su salud y bienestar.<\/p>\n\n\n\n<h2 class=\"wp-block-heading\">Qui\u00e9nes somos<\/h2>\n\n\n\n<p>Global Health Mag es un recurso en l\u00ednea l\u00edder en noticias, investigaci\u00f3n y an\u00e1lisis de expertos sobre salud mundial. Nuestro equipo est\u00e1 formado por personas apasionadas de diversas procedencias, incluidos profesionales de la medicina, <a href=\"https:\/\/en.wikipedia.org\/wiki\/Public_health\" target=\"_blank\" rel=\"noreferrer noopener nofollow\">expertos en salud p\u00fablica<\/a>, periodistas e investigadores. Creemos que la colaboraci\u00f3n y los enfoques interdisciplinarios son esenciales para abordar los complejos retos a los que se enfrenta hoy en d\u00eda la salud mundial.<\/p>\n\n\n\n<h2 class=\"wp-block-heading\">Qu\u00e9 hacemos<\/h2>\n\n\n\n<p>Nos esforzamos por ofrecerle la informaci\u00f3n m\u00e1s reciente y relevante sobre una amplia gama de temas de salud, como enfermedades infecciosas, afecciones cr\u00f3nicas, salud mental, nutrici\u00f3n, sistemas sanitarios y mucho m\u00e1s. <\/p>\n\n\n\n<p>Algunos de nuestros contenidos:<\/p>\n\n\n\n<ul class=\"wp-block-yoast-seo-related-links\"><li><a href=\"https:\/\/www.globalhealthmag.com\/es\/\">p\u00e1gina de inicio<\/a><\/li><li><a href=\"https:\/\/www.globalhealthmag.com\/es\/comer-para-obtener-energia-el-papel-de-la-dieta-en-la-forma-fisica\/\">Comer para obtener energ\u00eda: El papel de la dieta en la forma f\u00edsica<\/a><\/li><li><a href=\"https:\/\/www.globalhealthmag.com\/es\/politica-de-privacidad\/\">Pol\u00edtica de privacidad<\/a><\/li><li><a href=\"https:\/\/www.globalhealthmag.com\/es\/diferencias-generacionales-en-la-actividad-fisica-entre-adolescentes-jovenes-y-mayores\/\">La brecha generacional Diferencias en la actividad f\u00edsica entre adolescentes j\u00f3venes y mayores<\/a><\/li><li><a href=\"https:\/\/www.globalhealthmag.com\/es\/10-beneficios-para-la-salud-de-tomar-sopa-cremosa-de-champinones\/\">10 beneficios para la salud de comer sopa cremosa de champi\u00f1ones<\/a><\/li><\/ul>\n\n\n\n<h2 class=\"wp-block-heading\" id=\"h-our-values\">Nuestros valores:<\/h2>\n\n\n\n<h4 class=\"wp-block-heading\">Excelencia<\/h4>\n\n\n\n<p>Nos comprometemos a mantener los m\u00e1s altos niveles de precisi\u00f3n, integridad y profesionalidad en todos nuestros contenidos. Damos prioridad a la investigaci\u00f3n exhaustiva y a la comprobaci\u00f3n de hechos para garantizar que la informaci\u00f3n que ofrecemos es fiable y fidedigna.<\/p>\n\n\n\n<h4 class=\"wp-block-heading\">Capacitaci\u00f3n<\/h4>\n\n\n\n<p>S\u00ed! cree que el conocimiento es poder. Nuestro objetivo es capacitar a las personas dot\u00e1ndolas de los conocimientos y recursos que necesitan para tomar decisiones informadas sobre su salud. Nos esforzamos por tender puentes entre la investigaci\u00f3n cient\u00edfica y la vida cotidiana, traduciendo conceptos complejos a un lenguaje accesible.<\/p>\n\n\n\n<h4 class=\"wp-block-heading\">Perspectiva mundial<\/h4>\n\n\n\n<p>Reconocemos que la salud es un problema mundial. Nuestros contenidos reflejan una perspectiva global, abordando los retos y las soluciones en materia de salud en todo el mundo. Valoramos la diversidad y la inclusi\u00f3n, abarcando diferentes perspectivas culturales, sociales y geogr\u00e1ficas.<\/p>\n\n\n\n<h4 class=\"wp-block-heading\">Colaboraci\u00f3n<\/h4>\n\n\n\n<p>Entendemos que abordar los retos sanitarios mundiales requiere colaboraci\u00f3n y cooperaci\u00f3n. Buscamos activamente alianzas con expertos, organizaciones y comunidades para fomentar el di\u00e1logo, compartir conocimientos y promover soluciones innovadoras.<\/p>\n\n\n\n<h2 class=\"wp-block-heading\">Nuestro contenido<\/h2>\n\n\n\n<p>En Global Health Mag, puede esperar una amplia gama de formatos de contenido para satisfacer diferentes intereses y estilos de aprendizaje. Desde art\u00edculos en profundidad y entrevistas con expertos hasta v\u00eddeos informativos, infograf\u00edas y funciones interactivas.<\/p>\n\n\n\n<h2 class=\"wp-block-heading\">Participa<\/h2>\n\n\n\n<p>Le animamos a que participe activamente en nuestros contenidos, comparta sus opiniones y participe en los debates. Su aportaci\u00f3n es inestimable para crear una comunidad vibrante y din\u00e1mica dedicada a la salud mundial.<\/p>\n\n\n\n<p>Gracias por acompa\u00f1arnos en este viaje por la salud mundial. Juntos, exploremos el fascinante mundo de la salud, aprendamos unos de otros y trabajemos por un futuro m\u00e1s sano para todos. si tiene alguna pregunta o sobre nosotros, d\u00e9jenos un mensaje en este correo electr\u00f3nico: <a href=\"mailto:info@globalhealthmag.com\">info@globalhealthmag.com<\/a><\/p>\n\n\n\n<p>Mantente informado, sano. Mantente conectado.<\/p>\n\n\n\n<p>El equipo de GlobalHealthMag.com<\/p>","protected":false},"excerpt":{"rendered":"<p>Bienvenido a la p\u00e1gina Qui\u00e9nes somos de GlobalHealthMag.com En GlobalHealthMag.com, nos dedicamos a proporcionarle informaci\u00f3n fiable, perspicaz y actualizada sobre todos los aspectos de la salud mundial. Nuestra misi\u00f3n es sensibilizar, promover la comprensi\u00f3n y capacitar a las personas y comunidades para que tomen decisiones informadas sobre su salud y bienestar. Qui\u00e9nes somos Global Health Mag es<\/p>","protected":false},"author":1,"featured_media":0,"parent":0,"menu_order":0,"comment_status":"closed","ping_status":"closed","template":"","meta":{"footnotes":""},"class_list":["post-464","page","type-page","status-publish"],"yoast_head":"<!-- This site is optimized with the Yoast SEO Premium plugin v27.3 (Yoast SEO v27.3) - https:\/\/yoast.com\/product\/yoast-seo-premium-wordpress\/ -->\n<title>About Us - GlobalHealth Magazine<\/title>\n<meta name=\"description\" content=\"Welcome to GlobalHealthMag.com About us Page! At GlobalHealthMag.com, we are dedicated to providing you with reliable, insightful, and up-to-date\" \/>\n<meta name=\"robots\" content=\"index, follow, max-snippet:-1, max-image-preview:large, max-video-preview:-1\" \/>\n<link rel=\"canonical\" href=\"https:\/\/www.globalhealthmag.com\/es\/acerca-de-nosotros\/\" \/>\n<meta property=\"og:locale\" content=\"es_ES\" \/>\n<meta property=\"og:type\" content=\"article\" \/>\n<meta property=\"og:title\" content=\"About Us\" \/>\n<meta property=\"og:description\" content=\"Welcome to GlobalHealthMag.com About us Page! At GlobalHealthMag.com, we are dedicated to providing you with reliable, insightful, and up-to-date\" \/>\n<meta property=\"og:url\" content=\"https:\/\/www.globalhealthmag.com\/es\/acerca-de-nosotros\/\" \/>\n<meta property=\"og:site_name\" content=\"GlobalHealth Magazine\" \/>\n<meta property=\"article:publisher\" content=\"https:\/\/www.facebook.com\/globalhealthmag\" \/>\n<meta property=\"article:modified_time\" content=\"2023-06-17T12:10:24+00:00\" \/>\n<meta name=\"twitter:card\" content=\"summary_large_image\" \/>\n<meta name=\"twitter:label1\" content=\"Tiempo de lectura\" \/>\n\t<meta name=\"twitter:data1\" content=\"2 minutos\" \/>\n<script type=\"application\/ld+json\" class=\"yoast-schema-graph\">{\"@context\":\"https:\\\/\\\/schema.org\",\"@graph\":[{\"@type\":\"WebPage\",\"@id\":\"https:\\\/\\\/www.globalhealthmag.com\\\/about-us\\\/\",\"url\":\"https:\\\/\\\/www.globalhealthmag.com\\\/about-us\\\/\",\"name\":\"About Us - GlobalHealth Magazine\",\"isPartOf\":{\"@id\":\"https:\\\/\\\/www.globalhealthmag.com\\\/#website\"},\"datePublished\":\"2023-06-17T12:09:55+00:00\",\"dateModified\":\"2023-06-17T12:10:24+00:00\",\"description\":\"Welcome to GlobalHealthMag.com About us Page! At GlobalHealthMag.com, we are dedicated to providing you with reliable, insightful, and up-to-date\",\"breadcrumb\":{\"@id\":\"https:\\\/\\\/www.globalhealthmag.com\\\/about-us\\\/#breadcrumb\"},\"inLanguage\":\"es\",\"potentialAction\":[{\"@type\":\"ReadAction\",\"target\":[\"https:\\\/\\\/www.globalhealthmag.com\\\/about-us\\\/\"]}]},{\"@type\":\"BreadcrumbList\",\"@id\":\"https:\\\/\\\/www.globalhealthmag.com\\\/about-us\\\/#breadcrumb\",\"itemListElement\":[{\"@type\":\"ListItem\",\"position\":1,\"name\":\"Home\",\"item\":\"https:\\\/\\\/www.globalhealthmag.com\\\/\"},{\"@type\":\"ListItem\",\"position\":2,\"name\":\"About Us\"}]},{\"@type\":\"WebSite\",\"@id\":\"https:\\\/\\\/www.globalhealthmag.com\\\/#website\",\"url\":\"https:\\\/\\\/www.globalhealthmag.com\\\/\",\"name\":\"GlobalHealth Magazine\",\"description\":\"Health and Fitness Tips and Advice\",\"publisher\":{\"@id\":\"https:\\\/\\\/www.globalhealthmag.com\\\/#organization\"},\"potentialAction\":[{\"@type\":\"SearchAction\",\"target\":{\"@type\":\"EntryPoint\",\"urlTemplate\":\"https:\\\/\\\/www.globalhealthmag.com\\\/?s={search_term_string}\"},\"query-input\":{\"@type\":\"PropertyValueSpecification\",\"valueRequired\":true,\"valueName\":\"search_term_string\"}}],\"inLanguage\":\"es\"},{\"@type\":\"Organization\",\"@id\":\"https:\\\/\\\/www.globalhealthmag.com\\\/#organization\",\"name\":\"GlobalHealth Magazine\",\"url\":\"https:\\\/\\\/www.globalhealthmag.com\\\/\",\"logo\":{\"@type\":\"ImageObject\",\"inLanguage\":\"es\",\"@id\":\"https:\\\/\\\/www.globalhealthmag.com\\\/#\\\/schema\\\/logo\\\/image\\\/\",\"url\":\"https:\\\/\\\/www.globalhealthmag.com\\\/wp-content\\\/uploads\\\/2023\\\/04\\\/globalhealthmag-favicon.png\",\"contentUrl\":\"https:\\\/\\\/www.globalhealthmag.com\\\/wp-content\\\/uploads\\\/2023\\\/04\\\/globalhealthmag-favicon.png\",\"width\":512,\"height\":512,\"caption\":\"GlobalHealth Magazine\"},\"image\":{\"@id\":\"https:\\\/\\\/www.globalhealthmag.com\\\/#\\\/schema\\\/logo\\\/image\\\/\"},\"sameAs\":[\"https:\\\/\\\/www.facebook.com\\\/globalhealthmag\"]}]}<\/script>\n<!-- \/ Yoast SEO Premium plugin. -->","yoast_head_json":{"title":"Qui\u00e9nes somos - GlobalHealth Magazine","description":"Bienvenido a la p\u00e1gina Acerca de GlobalHealthMag.com En GlobalHealthMag.com, nos dedicamos a proporcionarle informaci\u00f3n fiable, perspicaz y actualizada.","robots":{"index":"index","follow":"follow","max-snippet":"max-snippet:-1","max-image-preview":"max-image-preview:large","max-video-preview":"max-video-preview:-1"},"canonical":"https:\/\/www.globalhealthmag.com\/es\/acerca-de-nosotros\/","og_locale":"es_ES","og_type":"article","og_title":"About Us","og_description":"Welcome to GlobalHealthMag.com About us Page! At GlobalHealthMag.com, we are dedicated to providing you with reliable, insightful, and up-to-date","og_url":"https:\/\/www.globalhealthmag.com\/es\/acerca-de-nosotros\/","og_site_name":"GlobalHealth Magazine","article_publisher":"https:\/\/www.facebook.com\/globalhealthmag","article_modified_time":"2023-06-17T12:10:24+00:00","twitter_card":"summary_large_image","twitter_misc":{"Tiempo de lectura":"2 minutos"},"schema":{"@context":"https:\/\/schema.org","@graph":[{"@type":"WebPage","@id":"https:\/\/www.globalhealthmag.com\/about-us\/","url":"https:\/\/www.globalhealthmag.com\/about-us\/","name":"Qui\u00e9nes somos - GlobalHealth Magazine","isPartOf":{"@id":"https:\/\/www.globalhealthmag.com\/#website"},"datePublished":"2023-06-17T12:09:55+00:00","dateModified":"2023-06-17T12:10:24+00:00","description":"Bienvenido a la p\u00e1gina Acerca de GlobalHealthMag.com En GlobalHealthMag.com, nos dedicamos a proporcionarle informaci\u00f3n fiable, perspicaz y actualizada.","breadcrumb":{"@id":"https:\/\/www.globalhealthmag.com\/about-us\/#breadcrumb"},"inLanguage":"es","potentialAction":[{"@type":"ReadAction","target":["https:\/\/www.globalhealthmag.com\/about-us\/"]}]},{"@type":"BreadcrumbList","@id":"https:\/\/www.globalhealthmag.com\/about-us\/#breadcrumb","itemListElement":[{"@type":"ListItem","position":1,"name":"Home","item":"https:\/\/www.globalhealthmag.com\/"},{"@type":"ListItem","position":2,"name":"About Us"}]},{"@type":"WebSite","@id":"https:\/\/www.globalhealthmag.com\/#website","url":"https:\/\/www.globalhealthmag.com\/","name":"Revista GlobalHealth","description":"Consejos sobre salud y forma f\u00edsica","publisher":{"@id":"https:\/\/www.globalhealthmag.com\/#organization"},"potentialAction":[{"@type":"SearchAction","target":{"@type":"EntryPoint","urlTemplate":"https:\/\/www.globalhealthmag.com\/?s={search_term_string}"},"query-input":{"@type":"PropertyValueSpecification","valueRequired":true,"valueName":"search_term_string"}}],"inLanguage":"es"},{"@type":"Organization","@id":"https:\/\/www.globalhealthmag.com\/#organization","name":"Revista GlobalHealth","url":"https:\/\/www.globalhealthmag.com\/","logo":{"@type":"ImageObject","inLanguage":"es","@id":"https:\/\/www.globalhealthmag.com\/#\/schema\/logo\/image\/","url":"https:\/\/www.globalhealthmag.com\/wp-content\/uploads\/2023\/04\/globalhealthmag-favicon.png","contentUrl":"https:\/\/www.globalhealthmag.com\/wp-content\/uploads\/2023\/04\/globalhealthmag-favicon.png","width":512,"height":512,"caption":"GlobalHealth Magazine"},"image":{"@id":"https:\/\/www.globalhealthmag.com\/#\/schema\/logo\/image\/"},"sameAs":["https:\/\/www.facebook.com\/globalhealthmag"]}]}},"_links":{"self":[{"href":"https:\/\/www.globalhealthmag.com\/es\/wp-json\/wp\/v2\/pages\/464","targetHints":{"allow":["GET"]}}],"collection":[{"href":"https:\/\/www.globalhealthmag.com\/es\/wp-json\/wp\/v2\/pages"}],"about":[{"href":"https:\/\/www.globalhealthmag.com\/es\/wp-json\/wp\/v2\/types\/page"}],"author":[{"embeddable":true,"href":"https:\/\/www.globalhealthmag.com\/es\/wp-json\/wp\/v2\/users\/1"}],"replies":[{"embeddable":true,"href":"https:\/\/www.globalhealthmag.com\/es\/wp-json\/wp\/v2\/comments?post=464"}],"version-history":[{"count":0,"href":"https:\/\/www.globalhealthmag.com\/es\/wp-json\/wp\/v2\/pages\/464\/revisions"}],"wp:attachment":[{"href":"https:\/\/www.globalhealthmag.com\/es\/wp-json\/wp\/v2\/media?parent=464"}],"curies":[{"name":"wp","href":"https:\/\/api.w.org\/{rel}","templated":true}]}}