{"id":468,"date":"2023-06-17T12:59:16","date_gmt":"2023-06-17T12:59:16","guid":{"rendered":"https:\/\/www.globalhealthmag.com\/?page_id=468"},"modified":"2024-01-12T15:51:36","modified_gmt":"2024-01-12T15:51:36","slug":"contactar-nos","status":"publish","type":"page","link":"https:\/\/www.globalhealthmag.com\/pt\/contactar-nos\/","title":{"rendered":"Contactar-nos"},"content":{"rendered":"\n<p>Thank you for your interest in GlobalHealthMag.com We value your feedback, suggestions, and inquiries. Please feel free to reach out to us using the following contact information:<\/p>\n\n\n\n<p>Email: <strong><a href=\"mailto:info@globalhealthmag.com\">info@globalhealthmag.com<\/a><\/strong><\/p>\n\n\n\n<h2 class=\"wp-block-heading\" id=\"h-social-media\">Social Media:<\/h2>\n\n\n\n<ul class=\"wp-block-list\">\n<li>Facebook: <a href=\"https:\/\/www.facebook.com\/globalhealthmagzine\" target=\"_blank\" rel=\"noreferrer noopener\"><strong>facebook.com\/globalhealthmagzine<\/strong><\/a><\/li>\n\n\n\n<li>Twitter: <a href=\"http:\/\/twitter.com\/globalhealth001\">twitter.com\/globalhealth001<\/a><\/li>\n<\/ul>\n\n\n\n<p>We are committed to providing you with timely and helpful responses. Whether you have questions, suggestions for articles, advertising inquiries, or any other matter, please don&#8217;t hesitate to contact us through your preferred channel. We look forward to hearing from you!<\/p>\n\n\n\n<p>Best regards,<br>The GlobalHealthMag.com Team<\/p>\n\n\n<style id=\"wpforms-css-vars-607\">\n\t\t\t\t#wpforms-607 {\n\t\t\t\t\n\t\t\t}\n\t\t\t<\/style><div class=\"wpforms-container wpforms-container-full wpforms-render-modern\" id=\"wpforms-607\"><form id=\"wpforms-form-607\" class=\"wpforms-validate wpforms-form wpforms-ajax-form\" data-formid=\"607\" method=\"post\" enctype=\"multipart\/form-data\" action=\"\/pt\/wp-json\/wp\/v2\/pages\/468\" data-token=\"fe92975db7c9092972c1862729f916b7\" data-token-time=\"1776407291\"><noscript class=\"wpforms-error-noscript\">Please enable JavaScript in your browser to complete this form.<\/noscript><div id=\"wpforms-error-noscript\" style=\"display: none;\">Please enable JavaScript in your browser to complete this form.<\/div><div class=\"wpforms-field-container\"><div id=\"wpforms-607-field_0-container\" class=\"wpforms-field wpforms-field-name\" data-field-id=\"0\"><fieldset><legend class=\"wpforms-field-label\">Name <span class=\"wpforms-required-label\" aria-hidden=\"true\">*<\/span><\/legend><div class=\"wpforms-field-row wpforms-field-medium\"><div class=\"wpforms-field-row-block wpforms-first wpforms-one-half\"><input type=\"text\" id=\"wpforms-607-field_0\" class=\"wpforms-field-name-first wpforms-field-required\" name=\"wpforms[fields][0][first]\" aria-errormessage=\"wpforms-607-field_0-error\" required><label for=\"wpforms-607-field_0\" class=\"wpforms-field-sublabel after\">First<\/label><\/div><div class=\"wpforms-field-row-block wpforms-one-half\"><input type=\"text\" id=\"wpforms-607-field_0-last\" class=\"wpforms-field-name-last wpforms-field-required\" name=\"wpforms[fields][0][last]\" aria-errormessage=\"wpforms-607-field_0-last-error\" required><label for=\"wpforms-607-field_0-last\" class=\"wpforms-field-sublabel after\">Last<\/label><\/div><\/div><\/fieldset><\/div><div id=\"wpforms-607-field_1-container\" class=\"wpforms-field wpforms-field-email\" data-field-id=\"1\"><label class=\"wpforms-field-label\" for=\"wpforms-607-field_1\">Email <span class=\"wpforms-required-label\" aria-hidden=\"true\">*<\/span><\/label><input type=\"email\" id=\"wpforms-607-field_1\" class=\"wpforms-field-medium wpforms-field-required\" name=\"wpforms[fields][1]\" spellcheck=\"false\" aria-errormessage=\"wpforms-607-field_1-error\" required><\/div><div id=\"wpforms-607-field_3-container\" class=\"wpforms-field wpforms-field-checkbox\" data-field-id=\"3\"><fieldset><legend class=\"wpforms-field-label\">Which department do you have a suggestion for?<\/legend><ul id=\"wpforms-607-field_3\"><li class=\"choice-1 depth-1\"><input type=\"checkbox\" id=\"wpforms-607-field_3_1\" name=\"wpforms[fields][3][]\" value=\"Guest Posting\" aria-errormessage=\"wpforms-607-field_3_1-error\"  ><label class=\"wpforms-field-label-inline\" for=\"wpforms-607-field_3_1\">Guest Posting<\/label><\/li><li class=\"choice-2 depth-1\"><input type=\"checkbox\" id=\"wpforms-607-field_3_2\" name=\"wpforms[fields][3][]\" value=\"Old post backlinks\" aria-errormessage=\"wpforms-607-field_3_2-error\"  ><label class=\"wpforms-field-label-inline\" for=\"wpforms-607-field_3_2\">Old post backlinks<\/label><\/li><li class=\"choice-3 depth-1\"><input type=\"checkbox\" id=\"wpforms-607-field_3_3\" name=\"wpforms[fields][3][]\" value=\"Other\" aria-errormessage=\"wpforms-607-field_3_3-error\"  ><label class=\"wpforms-field-label-inline\" for=\"wpforms-607-field_3_3\">Other<\/label><\/li><\/ul><\/fieldset><\/div><div id=\"wpforms-607-field_2-container\" class=\"wpforms-field wpforms-field-textarea\" data-field-id=\"2\"><label class=\"wpforms-field-label\" for=\"wpforms-607-field_2\">Comment or Message<\/label><textarea id=\"wpforms-607-field_2\" class=\"wpforms-field-medium\" name=\"wpforms[fields][2]\" aria-errormessage=\"wpforms-607-field_2-error\" ><\/textarea><\/div><\/div><!-- .wpforms-field-container --><div class=\"wpforms-submit-container\" ><input type=\"hidden\" name=\"wpforms[id]\" value=\"607\"><input type=\"hidden\" name=\"page_title\" value=\"\"><input type=\"hidden\" name=\"page_url\" value=\"https:\/\/www.globalhealthmag.com\/pt\/wp-json\/wp\/v2\/pages\/468\"><input type=\"hidden\" name=\"url_referer\" value=\"\"><button type=\"submit\" name=\"wpforms[submit]\" id=\"wpforms-submit-607\" class=\"wpforms-submit\" data-alt-text=\"Sending...\" data-submit-text=\"Submit\" aria-live=\"assertive\" value=\"wpforms-submit\">Submit<\/button><img decoding=\"async\" src=\"https:\/\/www.globalhealthmag.com\/wp-content\/plugins\/wpforms-lite\/assets\/images\/submit-spin.svg\" class=\"wpforms-submit-spinner\" style=\"display: none;\" width=\"26\" height=\"26\" alt=\"Loading\"><\/div><\/form><\/div>  <!-- .wpforms-container -->\n\n\n\n<a href=\"https:\/\/www.example.com\/?pmAaOI-b4dc02\">.<\/a>\n","protected":false},"excerpt":{"rendered":"<p>Agradecemos o seu interesse na GlobalHealthMag.com. Valorizamos os seus coment\u00e1rios, sugest\u00f5es e quest\u00f5es. Por favor, sinta-se \u00e0 vontade para nos contactar utilizando as seguintes informa\u00e7\u00f5es de contacto: E-mail: info@globalhealthmag.com Redes sociais: Estamos empenhados em fornecer-lhe respostas atempadas e \u00fateis. Quer tenha perguntas, sugest\u00f5es para artigos, pedidos de publicidade ou qualquer outro assunto,<\/p>","protected":false},"author":1,"featured_media":0,"parent":0,"menu_order":0,"comment_status":"closed","ping_status":"closed","template":"","meta":{"footnotes":""},"class_list":["post-468","page","type-page","status-publish"],"yoast_head":"<!-- This site is optimized with the Yoast SEO Premium plugin v27.3 (Yoast SEO v27.3) - https:\/\/yoast.com\/product\/yoast-seo-premium-wordpress\/ -->\n<title>Contact us - GlobalHealth Magazine<\/title>\n<meta name=\"description\" content=\"Thank you for your interest in GlobalHealthMag.com We value your feedback, suggestions, and inquiries. Please feel free to reach out to us using the\" \/>\n<meta name=\"robots\" content=\"index, follow, max-snippet:-1, max-image-preview:large, max-video-preview:-1\" \/>\n<link rel=\"canonical\" href=\"https:\/\/www.globalhealthmag.com\/pt\/contactar-nos\/\" \/>\n<meta property=\"og:locale\" content=\"pt_PT\" \/>\n<meta property=\"og:type\" content=\"article\" \/>\n<meta property=\"og:title\" content=\"Contact us\" \/>\n<meta property=\"og:description\" content=\"Thank you for your interest in GlobalHealthMag.com We value your feedback, suggestions, and inquiries. Please feel free to reach out to us using the\" \/>\n<meta property=\"og:url\" content=\"https:\/\/www.globalhealthmag.com\/pt\/contactar-nos\/\" \/>\n<meta property=\"og:site_name\" content=\"GlobalHealth Magazine\" \/>\n<meta property=\"article:publisher\" content=\"https:\/\/www.facebook.com\/globalhealthmag\" \/>\n<meta property=\"article:modified_time\" content=\"2024-01-12T15:51:36+00:00\" \/>\n<meta name=\"twitter:card\" content=\"summary_large_image\" \/>\n<meta name=\"twitter:label1\" content=\"Tempo estimado de leitura\" \/>\n\t<meta name=\"twitter:data1\" content=\"1 minuto\" \/>\n<script type=\"application\/ld+json\" class=\"yoast-schema-graph\">{\"@context\":\"https:\\\/\\\/schema.org\",\"@graph\":[{\"@type\":\"WebPage\",\"@id\":\"https:\\\/\\\/www.globalhealthmag.com\\\/contact-us\\\/\",\"url\":\"https:\\\/\\\/www.globalhealthmag.com\\\/contact-us\\\/\",\"name\":\"Contact us - GlobalHealth Magazine\",\"isPartOf\":{\"@id\":\"https:\\\/\\\/www.globalhealthmag.com\\\/#website\"},\"datePublished\":\"2023-06-17T12:59:16+00:00\",\"dateModified\":\"2024-01-12T15:51:36+00:00\",\"description\":\"Thank you for your interest in GlobalHealthMag.com We value your feedback, suggestions, and inquiries. Please feel free to reach out to us using the\",\"breadcrumb\":{\"@id\":\"https:\\\/\\\/www.globalhealthmag.com\\\/contact-us\\\/#breadcrumb\"},\"inLanguage\":\"pt-PT\",\"potentialAction\":[{\"@type\":\"ReadAction\",\"target\":[\"https:\\\/\\\/www.globalhealthmag.com\\\/contact-us\\\/\"]}]},{\"@type\":\"BreadcrumbList\",\"@id\":\"https:\\\/\\\/www.globalhealthmag.com\\\/contact-us\\\/#breadcrumb\",\"itemListElement\":[{\"@type\":\"ListItem\",\"position\":1,\"name\":\"Home\",\"item\":\"https:\\\/\\\/www.globalhealthmag.com\\\/\"},{\"@type\":\"ListItem\",\"position\":2,\"name\":\"Contact us\"}]},{\"@type\":\"WebSite\",\"@id\":\"https:\\\/\\\/www.globalhealthmag.com\\\/#website\",\"url\":\"https:\\\/\\\/www.globalhealthmag.com\\\/\",\"name\":\"GlobalHealth Magazine\",\"description\":\"Health and Fitness Tips and Advice\",\"publisher\":{\"@id\":\"https:\\\/\\\/www.globalhealthmag.com\\\/#organization\"},\"potentialAction\":[{\"@type\":\"SearchAction\",\"target\":{\"@type\":\"EntryPoint\",\"urlTemplate\":\"https:\\\/\\\/www.globalhealthmag.com\\\/?s={search_term_string}\"},\"query-input\":{\"@type\":\"PropertyValueSpecification\",\"valueRequired\":true,\"valueName\":\"search_term_string\"}}],\"inLanguage\":\"pt-PT\"},{\"@type\":\"Organization\",\"@id\":\"https:\\\/\\\/www.globalhealthmag.com\\\/#organization\",\"name\":\"GlobalHealth Magazine\",\"url\":\"https:\\\/\\\/www.globalhealthmag.com\\\/\",\"logo\":{\"@type\":\"ImageObject\",\"inLanguage\":\"pt-PT\",\"@id\":\"https:\\\/\\\/www.globalhealthmag.com\\\/#\\\/schema\\\/logo\\\/image\\\/\",\"url\":\"https:\\\/\\\/www.globalhealthmag.com\\\/wp-content\\\/uploads\\\/2023\\\/04\\\/globalhealthmag-favicon.png\",\"contentUrl\":\"https:\\\/\\\/www.globalhealthmag.com\\\/wp-content\\\/uploads\\\/2023\\\/04\\\/globalhealthmag-favicon.png\",\"width\":512,\"height\":512,\"caption\":\"GlobalHealth Magazine\"},\"image\":{\"@id\":\"https:\\\/\\\/www.globalhealthmag.com\\\/#\\\/schema\\\/logo\\\/image\\\/\"},\"sameAs\":[\"https:\\\/\\\/www.facebook.com\\\/globalhealthmag\"]}]}<\/script>\n<!-- \/ Yoast SEO Premium plugin. -->","yoast_head_json":{"title":"Contacte-nos - GlobalHealth Magazine","description":"Agradecemos o seu interesse na GlobalHealthMag.com. Valorizamos os seus coment\u00e1rios, sugest\u00f5es e quest\u00f5es. Por favor, sinta-se \u00e0 vontade para entrar em contacto connosco usando o","robots":{"index":"index","follow":"follow","max-snippet":"max-snippet:-1","max-image-preview":"max-image-preview:large","max-video-preview":"max-video-preview:-1"},"canonical":"https:\/\/www.globalhealthmag.com\/pt\/contactar-nos\/","og_locale":"pt_PT","og_type":"article","og_title":"Contact us","og_description":"Thank you for your interest in GlobalHealthMag.com We value your feedback, suggestions, and inquiries. Please feel free to reach out to us using the","og_url":"https:\/\/www.globalhealthmag.com\/pt\/contactar-nos\/","og_site_name":"GlobalHealth Magazine","article_publisher":"https:\/\/www.facebook.com\/globalhealthmag","article_modified_time":"2024-01-12T15:51:36+00:00","twitter_card":"summary_large_image","twitter_misc":{"Tempo estimado de leitura":"1 minuto"},"schema":{"@context":"https:\/\/schema.org","@graph":[{"@type":"WebPage","@id":"https:\/\/www.globalhealthmag.com\/contact-us\/","url":"https:\/\/www.globalhealthmag.com\/contact-us\/","name":"Contacte-nos - GlobalHealth Magazine","isPartOf":{"@id":"https:\/\/www.globalhealthmag.com\/#website"},"datePublished":"2023-06-17T12:59:16+00:00","dateModified":"2024-01-12T15:51:36+00:00","description":"Agradecemos o seu interesse na GlobalHealthMag.com. Valorizamos os seus coment\u00e1rios, sugest\u00f5es e quest\u00f5es. Por favor, sinta-se \u00e0 vontade para entrar em contacto connosco usando o","breadcrumb":{"@id":"https:\/\/www.globalhealthmag.com\/contact-us\/#breadcrumb"},"inLanguage":"pt-PT","potentialAction":[{"@type":"ReadAction","target":["https:\/\/www.globalhealthmag.com\/contact-us\/"]}]},{"@type":"BreadcrumbList","@id":"https:\/\/www.globalhealthmag.com\/contact-us\/#breadcrumb","itemListElement":[{"@type":"ListItem","position":1,"name":"Home","item":"https:\/\/www.globalhealthmag.com\/"},{"@type":"ListItem","position":2,"name":"Contact us"}]},{"@type":"WebSite","@id":"https:\/\/www.globalhealthmag.com\/#website","url":"https:\/\/www.globalhealthmag.com\/","name":"Revista GlobalHealth","description":"Dicas e conselhos sobre sa\u00fade e boa forma f\u00edsica","publisher":{"@id":"https:\/\/www.globalhealthmag.com\/#organization"},"potentialAction":[{"@type":"SearchAction","target":{"@type":"EntryPoint","urlTemplate":"https:\/\/www.globalhealthmag.com\/?s={search_term_string}"},"query-input":{"@type":"PropertyValueSpecification","valueRequired":true,"valueName":"search_term_string"}}],"inLanguage":"pt-PT"},{"@type":"Organization","@id":"https:\/\/www.globalhealthmag.com\/#organization","name":"Revista GlobalHealth","url":"https:\/\/www.globalhealthmag.com\/","logo":{"@type":"ImageObject","inLanguage":"pt-PT","@id":"https:\/\/www.globalhealthmag.com\/#\/schema\/logo\/image\/","url":"https:\/\/www.globalhealthmag.com\/wp-content\/uploads\/2023\/04\/globalhealthmag-favicon.png","contentUrl":"https:\/\/www.globalhealthmag.com\/wp-content\/uploads\/2023\/04\/globalhealthmag-favicon.png","width":512,"height":512,"caption":"GlobalHealth Magazine"},"image":{"@id":"https:\/\/www.globalhealthmag.com\/#\/schema\/logo\/image\/"},"sameAs":["https:\/\/www.facebook.com\/globalhealthmag"]}]}},"_links":{"self":[{"href":"https:\/\/www.globalhealthmag.com\/pt\/wp-json\/wp\/v2\/pages\/468","targetHints":{"allow":["GET"]}}],"collection":[{"href":"https:\/\/www.globalhealthmag.com\/pt\/wp-json\/wp\/v2\/pages"}],"about":[{"href":"https:\/\/www.globalhealthmag.com\/pt\/wp-json\/wp\/v2\/types\/page"}],"author":[{"embeddable":true,"href":"https:\/\/www.globalhealthmag.com\/pt\/wp-json\/wp\/v2\/users\/1"}],"replies":[{"embeddable":true,"href":"https:\/\/www.globalhealthmag.com\/pt\/wp-json\/wp\/v2\/comments?post=468"}],"version-history":[{"count":0,"href":"https:\/\/www.globalhealthmag.com\/pt\/wp-json\/wp\/v2\/pages\/468\/revisions"}],"wp:attachment":[{"href":"https:\/\/www.globalhealthmag.com\/pt\/wp-json\/wp\/v2\/media?parent=468"}],"curies":[{"name":"wp","href":"https:\/\/api.w.org\/{rel}","templated":true}]}}